{"id":9536,"date":"2018-09-24T06:48:33","date_gmt":"2018-09-24T04:48:33","guid":{"rendered":"https:\/\/www.kd-rajd.si\/?page_id=9536"},"modified":"2025-04-27T22:32:34","modified_gmt":"2025-04-27T20:32:34","slug":"koloparki","status":"publish","type":"page","link":"https:\/\/www.kd-rajd.si\/en\/koloparki\/","title":{"rendered":"KoloParki v Ljubljani"},"content":{"rendered":"<p>KoloParki so sodobna igri\u0161\u010da za otroke vseh starosti in odrasle, poleg vo\u017enje s kolesom pa ve\u010dinoma omogo\u010dajo tudi vo\u017eno z rolkami, rolerji ali skiroji. Seveda pa bo grbine in bande najbolj zabavno premagovati z ustreznim gorskim ali BMX kolesom, s katerim boste najbolj izkoristili vse, kar vam ponuja KoloPark.<\/p>\n<p>Ti sodobni, asfaltni pump tracki so lahko poligon za u\u010denje kolesarjenja, lahko so poligoni za pridobivanje fizi\u010dne mo\u010di in piljenje tehnike, ali pa seveda tudi poligon za dirkanje. Vsak izmed ljubljanskih KoloParkov je vreden obiska in na vsakem se boste zelo zabavali!<\/p>\n<p><strong>Kolesarsko dru\u0161tvo Rajd izvaja na KoloParkih \u0161tevilne aktivnosti:<\/strong> treninge v okviru mestne kolesarske \u0161ole, delavnice za mladino in odrasle, tekmovanja v seriji KoloPark Pokal, organizacijo dirk, ipd.<\/p>\n<p>Lokacije KoloParkov v Ljubljani:<br \/>\n<strong>KOLOPARK SPODNJA \u0160I\u0160KA<\/strong><br \/>\nCelov\u0161ka cesta 41, pri Parku Tivoli oz. baru Lepa \u017doga, <a href=\"https:\/\/maps.app.goo.gl\/qZdmV5nZuLmVUTLm9\" target=\"_blank\" rel=\"noopener noreferrer\">lokacija Google Maps<\/a><\/p>\n<p><strong>KOLOPARK BE\u017dIGRAD<\/strong><br \/>\nLinahartova cesta, Be\u017eigrad, <a href=\"https:\/\/maps.app.goo.gl\/3gR8BLj4WzXtENh68\" target=\"_blank\" rel=\"noopener noreferrer\">lokacija Google Maps<\/a><\/p>\n<p><strong>KOLOPARK NOVE FU\u017dINE<\/strong><br \/>\nRusjanov trg, Nove Fu\u017eine, <a href=\"https:\/\/maps.app.goo.gl\/5o3v952M3mM8oGzZA\" target=\"_blank\" rel=\"noopener noreferrer\">lokacija Google Maps<\/a><\/p>\n<p><strong>KOLOPARK ALEJA<\/strong><br \/>\nNakupovalno sredi\u0161\u010de Aleja \u0160i\u0161ka, <a href=\"https:\/\/maps.app.goo.gl\/GGScNEpe6i8K2Cz97\" target=\"_blank\" rel=\"noopener noreferrer\">lokacija Google Maps<\/a><\/p>\n<p><strong>KOLOPARK NOVO BRDO<\/strong><br \/>\nPot Rde\u010dega kri\u017ea, Novo Brdo, <a href=\"https:\/\/maps.app.goo.gl\/RFhcpbyeXdkFtHH88\" target=\"_blank\" rel=\"noopener noreferrer\">lokacija Google Maps<\/a><\/p>\n<p><strong>KOLOPARK VI\u010c<\/strong><br \/>\nCesta v Gorice, Otok \u0161porta za vse, <a href=\"https:\/\/maps.app.goo.gl\/uzbwTch4s8xeyW2v6\" target=\"_blank\" rel=\"noopener noreferrer\">lokacija Google Maps<\/a><\/p>\n<p><strong>KOLOPARK \u0160TEPANJSKO NASELJE<\/strong><br \/>\nParmska cesta, \u0160tepanjsko naselje, <a href=\"https:\/\/maps.app.goo.gl\/5e3XgXQonCy1R49d7\" target=\"_blank\" rel=\"noopener noreferrer\">lokacija Google Maps<\/a><\/p>\n<p><strong>KOLOPARK PODUTIK<\/strong><br \/>\nDolni\u0161ka cesta, Podutik, <a href=\"https:\/\/maps.app.goo.gl\/qBrnrSDt2KEy9JqeA\" target=\"_blank\" rel=\"noopener noreferrer\">lokacija Google Maps<\/a><\/p>\n<p><strong>KOLOPARK POLJE<\/strong><br \/>\nPolje 357, Polje, <a href=\"https:\/\/maps.app.goo.gl\/BewSYPbpQWDuKVjYA\">lokacija Google Maps<\/a><\/p>\n<p>Uporaba KoloParka je enostavna in varna, spo\u0161tovati je treba le pravila uporabe, ki so navedena na tabli ob vstopu na progo. Tehnika vo\u017enje s kolesom in pravila uporabe so opisani tudi na slikah v spodnji galeriji.<\/p>\n<p><strong>NASVET:<\/strong> Pravilna vo\u017enja s kolesom poteka brez poganjanja pedal! Na pedale pritisnite le ob vstopu na progo, nato pa hitrost ohranjate in pove\u010dujte le z gibanjem telesa.<\/p>\n<p><strong>Vo\u017enja v parku ni dovoljena brez ustrezne \u010delade, priporo\u010damo pa tudi uporabo druge za\u0161\u010ditne opreme.<\/strong> Vo\u017enja v parku je na lastno odgovornost. Vozi po svojih zmo\u017enostih, ne pretiravaj in spo\u0161tuj druge uporabnike.<\/p>\n<p><strong>Parkiranje je urejeno razli\u010dno za vsakega izmed KoloParkov posebej.<\/strong> V kolikor je mogo\u010de se do poligona pripeljite s kolesom, sicer pa vozilo parkirajte na ozna\u010denih javnih parkirnih povr\u0161inah.<\/p>\n<p>Koristne povezave:<br \/>\n<a href=\"https:\/\/www.kd-rajd.si\/kolopark-pokal\/\" target=\"_blank\" rel=\"noopener noreferrer\">KoloPark Pokal<\/a><br \/>\n<a href=\"https:\/\/pumptrack.si\" target=\"_blank\" rel=\"noopener noreferrer\">Pumpaj Slovenija \/ Pumptrack.si<\/a><\/p>\n<p>Klju\u010dnik na dru\u017eabnih omre\u017ejih: #KoloPark #KDRajd<\/p>\n","protected":false},"excerpt":{"rendered":"<p>KoloParki so sodobna igri\u0161\u010da za otroke vseh starosti in odrasle, poleg vo\u017enje s kolesom pa ve\u010dinoma omogo\u010dajo tudi vo\u017eno z rolkami, rolerji ali skiroji. Seveda pa bo grbine in bande najbolj zabavno premagovati z ustreznim gorskim ali BMX kolesom, s &hellip; <a href=\"https:\/\/www.kd-rajd.si\/en\/koloparki\/\">Continued<\/a><\/p>\n","protected":false},"author":6,"featured_media":18522,"parent":0,"menu_order":0,"comment_status":"closed","ping_status":"closed","template":"","meta":{"_acf_changed":false,"footnotes":""},"class_list":["post-9536","page","type-page","status-publish","has-post-thumbnail","hentry"],"acf":[],"_links":{"self":[{"href":"https:\/\/www.kd-rajd.si\/en\/wp-json\/wp\/v2\/pages\/9536\/"}],"collection":[{"href":"https:\/\/www.kd-rajd.si\/en\/wp-json\/wp\/v2\/pages\/"}],"about":[{"href":"https:\/\/www.kd-rajd.si\/en\/wp-json\/wp\/v2\/types\/page\/"}],"author":[{"embeddable":true,"href":"https:\/\/www.kd-rajd.si\/en\/wp-json\/wp\/v2\/users\/6\/"}],"replies":[{"embeddable":true,"href":"https:\/\/www.kd-rajd.si\/en\/wp-json\/wp\/v2\/comments\/?post=9536"}],"version-history":[{"count":1,"href":"https:\/\/www.kd-rajd.si\/en\/wp-json\/wp\/v2\/pages\/9536\/revisions\/"}],"predecessor-version":[{"id":20463,"href":"https:\/\/www.kd-rajd.si\/en\/wp-json\/wp\/v2\/pages\/9536\/revisions\/20463\/"}],"wp:featuredmedia":[{"embeddable":true,"href":"https:\/\/www.kd-rajd.si\/en\/wp-json\/wp\/v2\/media\/18522\/"}],"wp:attachment":[{"href":"https:\/\/www.kd-rajd.si\/en\/wp-json\/wp\/v2\/media\/?parent=9536"}],"curies":[{"name":"wp","href":"https:\/\/api.w.org\/{rel}","templated":true}]}}