{"id":6164,"date":"2016-12-27T09:41:12","date_gmt":"2016-12-27T08:41:12","guid":{"rendered":"https:\/\/www.kd-rajd.si\/en\/?page_id=6164"},"modified":"2019-11-24T20:36:00","modified_gmt":"2019-11-24T19:36:00","slug":"pump-track-kolopark","status":"publish","type":"page","link":"https:\/\/www.kd-rajd.si\/en\/pump-track-kolopark\/","title":{"rendered":"PUMP TRACK KOLOPARK SPODNJA \u0160I\u0160KA"},"content":{"rendered":"<p>KoloPark Spodnja \u0160i\u0161ka is asphalt pump track with 22 waves and 7 berms, first of its kind in Ljubljana. It\u2019s suitable for all ages\/levels and for bicycles (mountain or BMX), skates, rollerblades and kick scooters. Track is easy and safe to use, you just have to follow the rules &amp; instructions that are indicated on the sign next to the track and also in the gallery on this page.<\/p>\n<p>You should ride your bicycle on it without pedaling! You only pedal once or twice when you enter the track, then you move your body to maintain and keep speed.<\/p>\n<p>Pump track is located next to Celov\u0161ka street (Celov\u0161ka cesta) in Ljubljana, right next to Tivoli park and sports bar Lepa \u017eoga. Park is equipped with benches, there are more of them in the bar. Park also has parking stands for bicycles and bicycle repair stand with all basic tools and floor pump. You can park your car on the big parking lot in Tivoli, just meters away.<\/p>\n<p>Instagram hashtags: #KoloPark #KdRajd<\/p>\n<p><a href=\"https:\/\/www.google.si\/maps\/place\/KoloPark\/@46.0612347,14.4938832,17z\/data=!3m1!4b1!4m5!3m4!1s0x477acd36aece3295:0x4bdc06ce27102db8!8m2!3d46.0612347!4d14.4960719\">Location<\/a><\/p>\n","protected":false},"excerpt":{"rendered":"<p>KoloPark Spodnja \u0160i\u0161ka is asphalt pump track with 22 waves and 7 berms, first of its kind in Ljubljana. It\u2019s suitable for all ages\/levels and for bicycles (mountain or BMX), skates, rollerblades and kick scooters. Track is easy and safe &hellip; <a href=\"https:\/\/www.kd-rajd.si\/en\/pump-track-kolopark\/\">Continued<\/a><\/p>\n","protected":false},"author":6,"featured_media":13927,"parent":0,"menu_order":0,"comment_status":"closed","ping_status":"closed","template":"","meta":{"_acf_changed":false,"footnotes":""},"class_list":["post-6164","page","type-page","status-publish","has-post-thumbnail","hentry"],"acf":[],"_links":{"self":[{"href":"https:\/\/www.kd-rajd.si\/en\/wp-json\/wp\/v2\/pages\/6164\/"}],"collection":[{"href":"https:\/\/www.kd-rajd.si\/en\/wp-json\/wp\/v2\/pages\/"}],"about":[{"href":"https:\/\/www.kd-rajd.si\/en\/wp-json\/wp\/v2\/types\/page\/"}],"author":[{"embeddable":true,"href":"https:\/\/www.kd-rajd.si\/en\/wp-json\/wp\/v2\/users\/6\/"}],"replies":[{"embeddable":true,"href":"https:\/\/www.kd-rajd.si\/en\/wp-json\/wp\/v2\/comments\/?post=6164"}],"version-history":[{"count":0,"href":"https:\/\/www.kd-rajd.si\/en\/wp-json\/wp\/v2\/pages\/6164\/revisions\/"}],"wp:featuredmedia":[{"embeddable":true,"href":"https:\/\/www.kd-rajd.si\/en\/wp-json\/wp\/v2\/media\/13927\/"}],"wp:attachment":[{"href":"https:\/\/www.kd-rajd.si\/en\/wp-json\/wp\/v2\/media\/?parent=6164"}],"curies":[{"name":"wp","href":"https:\/\/api.w.org\/{rel}","templated":true}]}}