{"id":2428,"date":"2016-03-23T21:13:45","date_gmt":"2016-03-23T20:13:45","guid":{"rendered":"http:\/\/rajd.elpy.io\/en\/?page_id=2428"},"modified":"2025-04-27T21:23:02","modified_gmt":"2025-04-27T19:23:02","slug":"rajd-ljubljana","status":"publish","type":"page","link":"https:\/\/www.kd-rajd.si\/en\/rajd-ljubljana\/","title":{"rendered":"Rajd Ljubljana"},"content":{"rendered":"<p><strong>Rajd Ljubljana<\/strong> je ena najve\u010djih in najbolj uspe\u0161nih gorskokolesarskih ekip v Sloveniji. Znotraj Kolesarskega dru\u0161tva Rajd predstavlja vstopno to\u010dko v svet dirkanja &#8211; ne glede na starost &#8211; ter organizacijo za dirkanje v Sloveniji in njeni okolici. Ekipa ima preko 50 tekmovalcev z licencami, ki v najve\u010dji meri dirkajo v disciplinah spust z gorskimi kolesi (DH), BMX race, enduro ter olimpijski kros.<\/p>\n<p>Delovanje ekipe Rajd Ljubljana je seveda mo\u010dno povezano z <a href=\"https:\/\/www.kd-rajd.si\/kolesarska-sola\/\"><strong>Rajdovo kolesarsko \u0161olo<\/strong><\/a>, katere osnovni namen je prav vzgoja mladih v kolesarski \u0161port (tekmovalni ali rekreativni), zato je tudi najve\u010d \u010dlanov ekipe in Ljubljane in okolice, v zadnjih letih pa smo \u010dlanstvo raz\u0161iri na podro\u010dje Slovenije in celo preko meja.<\/p>\n<p>Tekmovalci ekipe nizajo izredne uspehe, med katerimi velja izpostaviti ve\u010dkratno osvojitev <strong>najbolj\u0161e ekipe v spustu v slovenskem pokalu<\/strong>, <strong>najbolj\u0161e ekipe v slovenskem pokalu v BMX-u<\/strong>, osvojitev <strong>ve\u010d naslovov dr\u017eavnih prvakov<\/strong> v gorskem kolesarstvu in BMX-u ter \u0161tevilne druge zmage v doma\u010dih pokalnih in mednarodnih tekmovanjih.<\/p>\n<p>Se \u017eelite pridru\u017eiti ekipi ali kolesarski \u0161oli? <a href=\"https:\/\/www.kd-rajd.si\/clanstvo\/\"><strong>Izpolni obrazec na na\u0161i spletni strani<\/strong><\/a> in stopi v stik z nami!<\/p>\n<p>Zna\u010dke na Instagramu: <em><strong>#RajdLjubljana #KDRajd<\/strong><\/em><\/p>\n","protected":false},"excerpt":{"rendered":"<p>Rajd Ljubljana je ena najve\u010djih in najbolj uspe\u0161nih gorskokolesarskih ekip v Sloveniji. Znotraj Kolesarskega dru\u0161tva Rajd predstavlja vstopno to\u010dko v svet dirkanja &#8211; ne glede na starost &#8211; ter organizacijo za dirkanje v Sloveniji in njeni okolici. Ekipa ima preko &hellip; <a href=\"https:\/\/www.kd-rajd.si\/en\/rajd-ljubljana\/\">Continued<\/a><\/p>\n","protected":false},"author":6,"featured_media":18557,"parent":0,"menu_order":0,"comment_status":"closed","ping_status":"closed","template":"","meta":{"_acf_changed":false,"footnotes":""},"class_list":["post-2428","page","type-page","status-publish","has-post-thumbnail","hentry"],"acf":[],"_links":{"self":[{"href":"https:\/\/www.kd-rajd.si\/en\/wp-json\/wp\/v2\/pages\/2428\/"}],"collection":[{"href":"https:\/\/www.kd-rajd.si\/en\/wp-json\/wp\/v2\/pages\/"}],"about":[{"href":"https:\/\/www.kd-rajd.si\/en\/wp-json\/wp\/v2\/types\/page\/"}],"author":[{"embeddable":true,"href":"https:\/\/www.kd-rajd.si\/en\/wp-json\/wp\/v2\/users\/6\/"}],"replies":[{"embeddable":true,"href":"https:\/\/www.kd-rajd.si\/en\/wp-json\/wp\/v2\/comments\/?post=2428"}],"version-history":[{"count":1,"href":"https:\/\/www.kd-rajd.si\/en\/wp-json\/wp\/v2\/pages\/2428\/revisions\/"}],"predecessor-version":[{"id":20459,"href":"https:\/\/www.kd-rajd.si\/en\/wp-json\/wp\/v2\/pages\/2428\/revisions\/20459\/"}],"wp:featuredmedia":[{"embeddable":true,"href":"https:\/\/www.kd-rajd.si\/en\/wp-json\/wp\/v2\/media\/18557\/"}],"wp:attachment":[{"href":"https:\/\/www.kd-rajd.si\/en\/wp-json\/wp\/v2\/media\/?parent=2428"}],"curies":[{"name":"wp","href":"https:\/\/api.w.org\/{rel}","templated":true}]}}