{"id":2408,"date":"2016-03-27T19:11:36","date_gmt":"2016-03-27T17:11:36","guid":{"rendered":"http:\/\/rajd.elpy.io\/en\/?page_id=2408"},"modified":"2016-05-13T10:59:23","modified_gmt":"2016-05-13T08:59:23","slug":"tours-and-workshops","status":"publish","type":"page","link":"https:\/\/www.kd-rajd.si\/en\/tours-and-workshops\/","title":{"rendered":"Group rides &#038; Workshops"},"content":{"rendered":"<p>Cycling club Rajd organizes free of charge group rides around Ljubljana. They take place from May till October, depending on the weather, and are split in several categories:<\/p>\n<ul>\n<li><strong>MTB advanced<\/strong> \u2013 We\u2019ll choose technically more challenging terrain, but still ride at normal pace and have fun, this is not a race. We\u2019ll discover great trail and stay out on the fresh air for about two hours.<\/li>\n<li><strong>MTB beginner<\/strong> \u2013 Terrain will be less demanding, we\u2019ll ride mostly on gravel roads, forest roads, wide forest paths and easy singletrails. Climbs will be easy or moderate. This rides will take about 2 hours and are perfect for beginners and recreational cyclists.<\/li>\n<li><strong>MTB with workshop<\/strong> \u2013 We\u2019ll add workshops on some of the group rides, they will be all about maintenance and servicing of your bike\/gear or about riding skills and safety in the nature. These rides are about 3 hours long.<\/li>\n<li><strong>Road<\/strong> \u2013 We\u2019ll jump on our road bikes now and then and go for about 2 hours long ride. Stress is on socializing with other riders and discovering of the landscape around Ljubljana, so we\u2019ll ride with moderate pace and according to traffic rules (we ride on open public roads).<\/li>\n<li><strong>Skills class<\/strong> \u2013 Bike Park Ljubljana is perfect location for improving your skills, and this is why we\u2019ll organize an afternoon just for that \u2013 free of charge. On our website you\u2019ll get more information about Bike Park Ljubljana (link) and all of our group rides, workshops and events (link).<\/li>\n<\/ul>\n<p>&nbsp;<\/p>\n<p><strong>TEST BIKES<br \/>\n<\/strong>Cycling center Funsports offers you a chance of a free of charge test ride of Trek or Cannondale bikes on some of our group rides. You don\u2019t have to join our group ride to test bikes, but you are more than welcome. Start will be at the shop location on Celov\u0161ka street (Celov\u0161ka cesta) in Ljubljana.<\/p>\n<p><strong>WHERE AND WHEN?<br \/>\n<\/strong>Our group rides usually start from cycling center Funsports on Celov\u0161ka street (Celov\u0161ka cesta) or from our workshop on \u017digonova street (\u017digonova ulica). Starting point depends of the route and riding plan, we\u2019ll keep you informed on that via our newsletter, our Facebook profile and our website.<br \/>\nRide usually starts at 16:30, hour later in the summer heat.<\/p>\n<p><strong>WHAT DO I NEED TO TAKE WITH ME?<br \/>\n<\/strong>Same things you always need on your ride: helmet, bike, proper clothing, protection, enough water and food, spare tube and other gear. But most of all \u2013 positive attitude!<\/p>\n<p><strong>KEEP ME INFORMED<\/strong><br \/>\nSend us a short email on info (a) kd-rajd.si and we\u2019ll add your address to our mailing list and you will always get information about the rides (dates, route, hours, location, etc.). Also follow our website and our profiles of Facebook &amp; Twitter.<\/p>\n<p><strong>WHAT ELSE DO I NEED TO KNOW?<br \/>\n<\/strong>Everybody is responsible for his\/her own safety! We demand the use of bicycle helmet, you are also responsible to ride with safe and trouble free bicycle. Cycling club Rajd provides the guide and organizes workshops, but does not take responsibility for personal injury of you or people around you or damage to your or others property. We\u2019ll ride with respect to nature and other users of nature, including hikers and other cyclists, and will not intentionally damage our environment. Ride at your own pace and according to your skills.<\/p>\n<p><strong>INFORMATION<br \/>\n<\/strong><a href=\"mailto:info@kd-rajd.si\">info@kd-rajd.si<\/a><br \/>\n+386 31 865 074 (\u017dan)<\/p>\n<p><strong>PRICE<br \/>\n<\/strong>Group rides are supported by Municipality of Ljubljana and are free of charge for all users!<\/p>\n<p><a href=\"http:\/\/www.ljubljana.si\/\"><img decoding=\"async\" class=\"alignnone size-full wp-image-4460 lazyload\" data-src=\"https:\/\/www.kd-rajd.si\/wp-content\/uploads\/2016\/05\/ljubljana.jpg\" alt=\"ljubljana\" width=\"150\" height=\"80\" src=\"data:image\/gif;base64,R0lGODlhAQABAAAAACH5BAEKAAEALAAAAAABAAEAAAICTAEAOw==\" style=\"--smush-placeholder-width: 150px; --smush-placeholder-aspect-ratio: 150\/80;\" \/><\/a><\/p>\n<p>Sponsors of group rides and workshops are Unior Bike Tools and cycling center Funsports.<\/p>\n<p><a href=\"http:\/\/www.unior-bike.com\"><img decoding=\"async\" class=\"alignnone size-full wp-image-4475 lazyload\" data-src=\"https:\/\/www.kd-rajd.si\/wp-content\/uploads\/2016\/05\/unior.png\" alt=\"unior\" width=\"150\" height=\"80\" src=\"data:image\/gif;base64,R0lGODlhAQABAAAAACH5BAEKAAEALAAAAAABAAEAAAICTAEAOw==\" style=\"--smush-placeholder-width: 150px; --smush-placeholder-aspect-ratio: 150\/80;\" \/><\/a>\u00a0 <a href=\"http:\/\/www.funsports.si\"><img decoding=\"async\" class=\"alignnone size-full wp-image-4456 lazyload\" data-src=\"https:\/\/www.kd-rajd.si\/wp-content\/uploads\/2016\/05\/funsports.jpg\" alt=\"funsports\" width=\"150\" height=\"80\" src=\"data:image\/gif;base64,R0lGODlhAQABAAAAACH5BAEKAAEALAAAAAABAAEAAAICTAEAOw==\" style=\"--smush-placeholder-width: 150px; --smush-placeholder-aspect-ratio: 150\/80;\" \/><\/a><\/p>\n","protected":false},"excerpt":{"rendered":"<p>Cycling club Rajd organizes free of charge group rides around Ljubljana. They take place from May till October, depending on the weather, and are split in several categories: MTB advanced \u2013 We\u2019ll choose technically more challenging terrain, but still ride &hellip; <a href=\"https:\/\/www.kd-rajd.si\/en\/tours-and-workshops\/\">Continued<\/a><\/p>\n","protected":false},"author":6,"featured_media":4094,"parent":0,"menu_order":0,"comment_status":"closed","ping_status":"closed","template":"","meta":{"_acf_changed":false,"footnotes":""},"class_list":["post-2408","page","type-page","status-publish","has-post-thumbnail","hentry"],"acf":[],"_links":{"self":[{"href":"https:\/\/www.kd-rajd.si\/en\/wp-json\/wp\/v2\/pages\/2408\/"}],"collection":[{"href":"https:\/\/www.kd-rajd.si\/en\/wp-json\/wp\/v2\/pages\/"}],"about":[{"href":"https:\/\/www.kd-rajd.si\/en\/wp-json\/wp\/v2\/types\/page\/"}],"author":[{"embeddable":true,"href":"https:\/\/www.kd-rajd.si\/en\/wp-json\/wp\/v2\/users\/6\/"}],"replies":[{"embeddable":true,"href":"https:\/\/www.kd-rajd.si\/en\/wp-json\/wp\/v2\/comments\/?post=2408"}],"version-history":[{"count":0,"href":"https:\/\/www.kd-rajd.si\/en\/wp-json\/wp\/v2\/pages\/2408\/revisions\/"}],"wp:featuredmedia":[{"embeddable":true,"href":"https:\/\/www.kd-rajd.si\/en\/wp-json\/wp\/v2\/media\/4094\/"}],"wp:attachment":[{"href":"https:\/\/www.kd-rajd.si\/en\/wp-json\/wp\/v2\/media\/?parent=2408"}],"curies":[{"name":"wp","href":"https:\/\/api.w.org\/{rel}","templated":true}]}}