{"id":20466,"date":"2019-11-19T10:18:47","date_gmt":"2019-11-19T09:18:47","guid":{"rendered":"https:\/\/www.kd-rajd.si\/splosni-pogoji\/"},"modified":"2025-04-27T22:35:21","modified_gmt":"2025-04-27T20:35:21","slug":"splosni-pogoji","status":"publish","type":"page","link":"https:\/\/www.kd-rajd.si\/en\/splosni-pogoji\/","title":{"rendered":"Splo\u0161ni pogoji"},"content":{"rendered":"\n<p>SPLO\u0160NI POGOJI POSLOVANJA IN UPORABE SPLETNE STRANI<\/p>\n\n\n\n<p>Splo\u0161ni pogoji poslovanja in uporabe spletne strani www.kd-rajd.si so sestavljeni v skladu z Zakonom o varstvu potro\u0161nikov (ZVPot), priporo\u010dil GZS, mednarodnimi kodeksi za e-poslovanje in z zakonodajo s podro\u010dja varstva osebnih podatkov. Ti pogoji predpisujejo pravila v zvezi z uporabo spletnega portala www.kd-rajd.si, ki ga upravlja Kolesarsko dru\u0161tvo Rajd (v nadaljevanju tudi ponudnik), Dergoma\u0161ka 61, 1000 Ljubljana, mati\u010dna \u0161tevilka 2150441000, ID za DDV 10289399, ki izvaja razli\u010dne programe na podro\u010dju kolesarstva.<\/p>\n\n\n\n<p>Splo\u0161ni pogoji poslovanja obravnavajo delovanje spletne strani www.kd-rajd.si, pravice uporabnika in kupca ter poslovni odnos med ponudnikom, kupcem storitev, ter izvajalci storitev.<\/p>\n\n\n\n<p>Z vpisom podatkov v sistem spletne strani obiskovalec postane uporabnik in med drugim pridobi pravico do nakupa ter obve\u0161\u010danja o novostih. Ponudnik bo osebne podatke, ki jih obiskovalec navede, uporabljal in obdeloval za namene sklepanja in izpolnjevanja pogodb, sklenjenih na daljavo, za zbiranje in obdelovanje za namene \u010dlanstva portala dru\u0161tva KD Rajd, ter v primeru da se uporabnik s tem strinja, tudi za obve\u0161\u010danja o novostih in storitvah ter neposredno tr\u017eenje.<\/p>\n\n\n\n<p>Z uporabo spletne strani www.kd-rajd.si uporabniki izjavljajo, da se strinjajo z splo\u0161nimi pogoji ter pristajajo na uporabo te spletne strani v skladu z njimi. Pravica uporabe te spletne strani je osebno upravi\u010denje uporabnika, ki se ne more na noben na\u010din prenesti na drugo fizi\u010dno ali pravno osebo.<\/p>\n\n\n\n<p>Uporabnik je osebno odgovoren za varovanje gesel na mestih, kjer obstajajo. Ponudnik ni odgovoren za kakr\u0161no koli izgubo podatkov, ki lahko nastane med prenosom podatkov na internetu, saj so storitve lahko prekinjene ali pa pride do dogodkov, ki so zunaj nadzora dru\u017ebe.<\/p>\n\n\n\n<p>KD Rajd si pridr\u017euje pravico, da lahko kadarkoli brez odpovednega roka ukine ali spremeni del tukaj navedenih splo\u0161nih pogojev poslovanja. Take spremembe lahko med drugim vklju\u010dujejo uvedbo nekaterih pristojbin ali pla\u010dil. V kolikor pride do sprememb splo\u0161nih pogojev poslovanja, se smatra da se uporabniki, ki uporabljajo spletno stran www.kd-rajd.si, strinjajo z njimi. Vsaka sprememba ali izbris splo\u0161nih pogojev poslovanja za\u010dne veljati takoj, ko je objavljena na spletni strani.<\/p>\n\n\n\n<p>Dostop do spletne strani www.kd-rajd.si je lahko v\u010dasih prekinjen oziroma za\u010dasno nedostopen, zaradi rednega vzdr\u017eevanja ali podobnih razlogov. Ponudnik pa si tudi pridr\u017euje pravico, da lahko kadar koli, brez omejitev, spremeni ali ukine poslovanje ali del poslovanja. Poleg tega lahko preneha po\u0161iljati kateri koli del podatkov ali informacij, spremeni ali prekli\u010de kateri koli na\u010din prenosa podatkov in hitrost prenosa podatkov, kot tudi vse njihove druge zna\u010dilnosti.<\/p>\n\n\n\n<p>Vse gradivo na spletni strani www.kd-rajd.si je v lasti Kolesarskega dru\u0161tva Rajd ali pa se uporablja na podlagi dovoljenja imetnika avtorskih pravic. Vsako kopiranje, razpo\u0161iljanje, prenos, objavljanje, povezovanje ali drugo spreminjanje teh gradiv brez pisnega soglasja ponudnika je strogo prepovedano. Ponudnik lahko kadar koli prekine poslovno sodelovanje s katerim koli uporabnikom. Ponudnik si pridr\u017euje pravico do trenutne ukinitve katerega koli gesla ali uporabni\u0161kega ra\u010duna uporabnika v primeru vedenja, za katerega ponudnik po lastni oceni ugotovi, da je nesprejemljivo, kot tudi v vsakem primeru nespo\u0161tovanja pogojev s strani uporabnika.<\/p>\n\n\n\n<p><strong>VPIS<\/strong><br>Ob vpisu v dru\u0161tvo mora udele\u017eenec, star\u0161 oziroma skrbnik (v nadaljevanju \u010dlan) izpolniti in podpisati prijavnico. Vpis velja do preklica. Prijavnica obsega osnovne podatke o udele\u017eencu (osebni in kontaktni podatki), delavnicah, pla\u010dniku in na\u010dinu prejemanja ra\u010dunov. Podatke iz prijavnice zbiramo, obdelujemo in uporabljamo za lastno evidenco in delovanje dru\u0161tva. S podpisano prijavnico sogla\u0161ate, da ste seznanjeni s splo\u0161nimi pogoji poslovanja dru\u0161tva. \u010clanarina zna\u0161a 20 evrov letno za teko\u010de koledarsko leto in jo je dol\u017een poravnati vsak \u010dlan.<\/p>\n\n\n\n<p><strong>VARSTVO OSEBNIH PODATKOV<\/strong><br>Ponudnik preko spletne strani www.kd-rajd.si zbira osebne podatke uporabnikov spletne strani. Ponudnik kot upravljavec osebnih podatkov obdeluje zbrane osebne podatke v skladu z veljavno zakonodajo s podro\u010dja varstva osebnih podatkov.<\/p>\n\n\n\n<p>Na\u0161a politika glede varovanja osebnih podatkov je naslednja:<br>&#8211; Podatkov o uporabnikih spletne strani nikoli ne dajemo v najem, jih ne prodajamo in ne dovolimo, da bi jih obdelovala katerakoli tretja oseba, razen na\u0161ih pogodbenih obdelovalcev osebnih podatkov. <br>&#8211; Osebne podatke uporabniki spletne strani oddajo ponudniku prostovoljno.<br>&#8211; Zbiramo in obdelujemo samo osebne podatke, ki so nujno potrebni za izvedbo storitve in obve\u0161\u010danja ter se izogibamo pretiranemu zbiranju osebnih podatkov. <br>&#8211; Pogodbenim obdelovalcem omogo\u010damo obdelavo osebnih podatkov samo pod pogojem, da imajo zadostno raven varstva osebnih podatkov, kot je dolo\u010dena z veljavno zakonodajo s podro\u010dja varstva osebnih podatkov, in le v obsegu, v katerem bi bilo to potrebno zaradi posameznega razloga za posredovanje. <br>&#8211; Osebne podatke hranimo samo dokler je to nujno potrebno za izpolnjevanje namena, zaradi katerega so bili osebni podatki zbrani oziroma do preklica privolitve uporabnika. <br>&#8211; Uporabljamo organizacijske, tehni\u010dne in druge ustrezne postopke in ukrepe, da se prepre\u010di nepoobla\u0161\u010deno uni\u010denje podatkov, njihova sprememba ali izguba ter nepoobla\u0161\u010dena obdelava. <br>&#8211; Pridr\u017eujemo si pravico do razkritja osebnih podatkov dr\u017eavnim organom ali nosilcem javnih pooblastil v primerih, ko dol\u017enost razkritja izhaja iz prisilnih predpisov.<br>&#8211; Osebnih podatkov uporabnikov spletne strani ponudnik ne bo javno izpostavil brez njihovega soglasja. <br>&#8211; Zavezujemo se k trajnemu varstvu vseh osebnih podatkov uporabnikov spletnih strani.<br>&#8211; Osebne podatke obdelujemo samo za to poobla\u0161\u010dene osebe ponudnika in poobla\u0161\u010dene osebe na\u0161ih pogodbenih obdelovalcev. <br>&#8211; Pravila o varstvu osebnih podatkov spreminjamo in dopolnjujemo v skladu s spremembami zakonodaje s podro\u010dja varstva osebnih podatkov.<\/p>\n\n\n\n<p>Zbiranje osebnih podatkov in na\u010din privolitve za njihovo obdelavo: <br>&#8211; Ponudnik zbira osebne podatke preko varne povezave (SSL) in jih s kriptiranjem \u0161\u010diti med njihovim prenosom preko spleta. Ponudnik zbira in obdeluje osebne podatke izklju\u010dno na osnovi privolitve posameznika. <br>&#8211; V primeru po\u0161iljanja vpra\u0161anja oziroma povpra\u0161evanja ponudniku preko obrazca se vneseni osebni podatki uporabijo izklju\u010dno za po\u0161iljanje odgovora na zastavljeno vpra\u0161anje oziroma povpra\u0161evanje preko elektronskega sporo\u010dila v e-po\u0161tni predal ponudnika in stranka svojo privolitev izrazi s pritiskom na gumb za po\u0161iljanje. <br>&#8211; Na vseh ostalih spletnih obrazcih, ki vklju\u010dujejo oddajo osebnih podatkov, so privolitve navedene kot izbirna polja in stranka svojo privolitev izrazi z ozna\u010ditvijo privolitve. Izra\u017eena privolitev se upo\u0161teva ob potrditvi spletnega obrazca. <br>&#8211; Privolitve, ki vklju\u010dujejo strinjanje s splo\u0161nimi pogoji poslovanja, so obvezne za potrditev spletnega obrazca. <br>&#8211; Za pravilnost, popolnost in a\u017eurnost podatkov, ki jih vnesejo uporabniki spletne strani, ponudnik ne odgovarja.<\/p>\n\n\n\n<p>Namen obdelave zbranih osebnih podatkov: <br>&#8211; Ponudnik bo osebne podatke uporabil izklju\u010dno za namen, za katerega so bili zbrani in za katerega ima privolitev posameznika. <br>&#8211; Osebne podatke uporabnikov, ki so privolile v prejemanje e-novic, bomo uporabili izklju\u010dno za obve\u0161\u010danje po e-po\u0161ti. <br>&#8211; Osebne podatke uporabnikov, ki nam na spletni strani preko obrazca oddajo vpra\u0161anje oziroma povpra\u0161evanje, bomo uporabili izklju\u010dno za odgovor na zastavljeno vpra\u0161anje oziroma povpra\u0161evanje.<\/p>\n\n\n\n<p>Postopek uveljavljanja pravic posameznika<br>\nZa vse informacije o obdelavi osebnih podatkov oziroma va\u0161ih pravicah kot posameznika, na katerega se nana\u0161ajo osebni podatki (pravica do dostopa, popravka, izbrisa, omejitve obdelave, prenosljivosti in ugovora), lahko kontaktirate upravljavca osebnih podatkov Kolesarsko dru\u0161tvo Rajd, 1000 Ljubljana po po\u0161ti ali po elektronski po\u0161ti na info@kd-rajd.si.<br>\nUpravljavec bo na va\u0161o zahtevo, s katero uveljavljate svoje pravice v zvezi z osebnimi podatki, odgovoril brez nepotrebnega odla\u0161anja in najpozneje v enem mesecu od prejema zahteve.<br>\nZa potrebe zanesljive identifikacije v primeru uveljavljanja pravic v zvezi z osebnimi podatki lahko od vas upravljavec zahteva dodatne podatke, ukrepanje pa lahko zavrne le v primeru, da doka\u017ee, da vas ne more zanesljivo identificirati.<\/p>\n\n\n\n<p><strong>Odjava od e-novic<\/strong><br>Od prejemanja e-novic po elektronski po\u0161ti se lahko odjavite kadarkoli, in sicer tako, da v prejetem elektronskem sporo\u010dilu kliknete na povezavo za odjavo ali pa nam svoje \u017eelje sporo\u010dite pisno na naslov podjetja, po telefonu ali osebno na naslovu podjetja.<\/p>\n\n\n\n<p><strong>Pravica do prito\u017ebe<\/strong><br>\u010ce menite, da na\u0161a obdelava osebnih podatkov kr\u0161i veljavno zakonodajo s podro\u010dja varstva osebnih podatkov, imate pravico podati prito\u017ebo pri Informacijskem poobla\u0161\u010dencu, na naslov: Informacijski poobla\u0161\u010denec, Zalo\u0161ka cesta 59, 1000 Ljubljana, Slovenija; tel: 01 230 97 30, e-po\u0161ta: gp.ip@ip-rs.si.<\/p>\n\n\n\n<p><strong>ODGOVORNOST, SKRBNOST IN VARNOST <br>&#8211; Vse delavnice in aktivnosti potekajo na lastno odgovornost udele\u017eenca.<br>&#8211; Nezgodno zavarovanje ni vklju\u010deno v aktivnosti (velja za brezpla\u010dne in pla\u010dljive aktivnosti).<br>&#8211; Za pozabljene, izgubljene ali ukradene stvari v prostorih dru\u0161tva ne odgovarjamo, vse najdene vrednej\u0161e predmete pa shranjujemo do konca sezone oziroma \u0161olskega leta.<br>&#8211; Za prihod in odhod na delavnice pred\u0161olskih in \u0161olskih otrok so odgovorni njihovi star\u0161i oziroma skrbniki.<\/strong><\/p>\n\n\n\n<p><strong>FOTOGRAFIRANJE IN SNEMANJE DELAVNIC<\/strong><br> Fotografije nastopov, predstav in delavnic se uporabijo za lasten arhiv, za objave na spletni strani dru\u0161tva, na dru\u017eabnih omre\u017ejih (Instagram, Facebook, Twitter, YouTube, itd.) ter na drugih digitalnih in tiskanih medijih, ki si namenjeni promociji dru\u0161tva. V primeru snemanja aktivnosti bodo udele\u017eenci programa predhodno opozorjeni in lahko sodelovanje zavrnejo oz. ne dovoljijo slikanja.<\/p>\n","protected":false},"excerpt":{"rendered":"<p>SPLO\u0160NI POGOJI POSLOVANJA IN UPORABE SPLETNE STRANI Splo\u0161ni pogoji poslovanja in uporabe spletne strani www.kd-rajd.si so sestavljeni v skladu z Zakonom o varstvu potro\u0161nikov (ZVPot), priporo\u010dil GZS, mednarodnimi kodeksi za e-poslovanje in z zakonodajo s podro\u010dja varstva osebnih podatkov. Ti &hellip; <a href=\"https:\/\/www.kd-rajd.si\/en\/splosni-pogoji\/\">Continued<\/a><\/p>\n","protected":false},"author":1038,"featured_media":0,"parent":0,"menu_order":0,"comment_status":"closed","ping_status":"closed","template":"","meta":{"_acf_changed":false,"footnotes":""},"class_list":["post-20466","page","type-page","status-publish","hentry"],"acf":[],"_links":{"self":[{"href":"https:\/\/www.kd-rajd.si\/en\/wp-json\/wp\/v2\/pages\/20466\/"}],"collection":[{"href":"https:\/\/www.kd-rajd.si\/en\/wp-json\/wp\/v2\/pages\/"}],"about":[{"href":"https:\/\/www.kd-rajd.si\/en\/wp-json\/wp\/v2\/types\/page\/"}],"author":[{"embeddable":true,"href":"https:\/\/www.kd-rajd.si\/en\/wp-json\/wp\/v2\/users\/1038\/"}],"replies":[{"embeddable":true,"href":"https:\/\/www.kd-rajd.si\/en\/wp-json\/wp\/v2\/comments\/?post=20466"}],"version-history":[{"count":1,"href":"https:\/\/www.kd-rajd.si\/en\/wp-json\/wp\/v2\/pages\/20466\/revisions\/"}],"predecessor-version":[{"id":20467,"href":"https:\/\/www.kd-rajd.si\/en\/wp-json\/wp\/v2\/pages\/20466\/revisions\/20467\/"}],"wp:attachment":[{"href":"https:\/\/www.kd-rajd.si\/en\/wp-json\/wp\/v2\/media\/?parent=20466"}],"curies":[{"name":"wp","href":"https:\/\/api.w.org\/{rel}","templated":true}]}}