{"id":20440,"date":"2025-04-27T20:06:38","date_gmt":"2025-04-27T18:06:38","guid":{"rendered":"https:\/\/www.kd-rajd.si\/?page_id=20440"},"modified":"2025-04-27T20:06:44","modified_gmt":"2025-04-27T18:06:44","slug":"bikehanic-lumar","status":"publish","type":"page","link":"https:\/\/www.kd-rajd.si\/en\/bikehanic-lumar\/","title":{"rendered":"BIKEHANIC &#8211; LUMAR"},"content":{"rendered":"\n<p>Rajdova razvojna ekipa v kateri so zbrani zelo perspektivni mladi tekmovalci iz razli\u010dnih disciplin gorskega in BMX kolesarstva. Tekmovalci te ekipe nastopajo na \u0161tevilnih mednarodnih tekmovanjih, na primer v evropskem pokalu v spustu in v evropskem pokalu v BMX-u ter so stalni \u010dlani mladinskih reprezentanc.<\/p>\n\n\n\n<p>Ekipo Bikehanic &#8211; Lumar za leto 2023 tvorijo:<br><strong>BMX<\/strong><br><a href=\"https:\/\/www.instagram.com\/jostlozar\/\" target=\"_blank\" rel=\"noreferrer noopener\">Jo\u0161t Lo\u017ear<\/a><br><a href=\"https:\/\/www.instagram.com\/makbreznikfalk\" target=\"_blank\" rel=\"noreferrer noopener\">Mak Breznik Falk<\/a><br><a href=\"https:\/\/www.instagram.com\/nejc_heric\/\" target=\"_blank\" rel=\"noreferrer noopener\">Nejc Heric<\/a><br><a href=\"https:\/\/www.instagram.com\/vallampic24\/\" target=\"_blank\" rel=\"noreferrer noopener\">Val Trinle Lampi\u010d<\/a><\/p>\n\n\n\n<p><strong>MTB<\/strong><br><a href=\"https:\/\/www.instagram.com\/enej_podlipnik\/\" target=\"_blank\" rel=\"noreferrer noopener\">Enej Podlipnik<\/a><br><a href=\"https:\/\/www.instagram.com\/strubelj_izak\/\" target=\"_blank\" rel=\"noreferrer noopener\">Izak \u0160trubelj<\/a><br><a href=\"https:\/\/www.instagram.com\/zveglamax\/\" target=\"_blank\" rel=\"noreferrer noopener\">Max \u017dvegla<\/a><\/p>\n\n\n<div class=\"wp-block-image\">\n<figure class=\"aligncenter size-large is-resized\"><img fetchpriority=\"high\" decoding=\"async\" width=\"800\" height=\"457\" src=\"https:\/\/www.kd-rajd.si\/wp-content\/uploads\/2023\/03\/335676416_223932133526098_6581032283711956918_n-1.jpg\" alt=\"\" class=\"wp-image-17339\" style=\"width:400px;height:229px\" srcset=\"https:\/\/www.kd-rajd.si\/wp-content\/uploads\/2023\/03\/335676416_223932133526098_6581032283711956918_n-1.jpg 800w, https:\/\/www.kd-rajd.si\/wp-content\/uploads\/2023\/03\/335676416_223932133526098_6581032283711956918_n-1-600x343.jpg 600w\" sizes=\"(max-width: 800px) 100vw, 800px\" \/><\/figure>\n<\/div>\n\n\n<p>Glavna partnerja ekipe sta:<br><strong>Bikehanic<\/strong><br>Servis vseh vrst koles, z lokacijami v Ljubljani in Kopru. Bikehanic je specializirano podjetje za servise koles in e-koles, vzmetenja in druga redna in izredna popravila.<br><a href=\"https:\/\/bikehanic.com\" target=\"_blank\" rel=\"noreferrer noopener\">Servis Bikehanic<\/a> I <a href=\"https:\/\/shop.bikehanic.com\" target=\"_blank\" rel=\"noreferrer noopener\">Spletna trgovina Bikehanic<\/a><\/p>\n\n\n\n<p><strong>Lumar hi\u0161e<\/strong><br>Lumar je vodilno podjetje na podro\u010dju razvoja in gradnje skoraj ni\u010d-energijskih monta\u017enih lesenih objektov, pona\u0161ajo pa se \u017ee z ve\u010d kot tridesetletno tradicijo. Slogan podjetja je \u017dIVI NAJBOLJE, z njim pa se lahko poistovetimo prav vsi Rajdovci.<br><a href=\"https:\/\/www.lumar.si\" target=\"_blank\" rel=\"noreferrer noopener\">Lumar<\/a><\/p>\n\n\n\n<p>Ekipa Bikehanic &#8211; Lumar na dru\u017eabnih omre\u017ejih:<br><a href=\"https:\/\/www.instagram.com\/bikehaniclumar\/\" target=\"_blank\" rel=\"noreferrer noopener\">Instagram<\/a><br><a href=\"https:\/\/www.facebook.com\/BikehanicLumar\" target=\"_blank\" rel=\"noreferrer noopener\">Facebook<\/a><\/p>\n","protected":false},"excerpt":{"rendered":"<p>Rajdova razvojna ekipa v kateri so zbrani zelo perspektivni mladi tekmovalci iz razli\u010dnih disciplin gorskega in BMX kolesarstva. Tekmovalci te ekipe nastopajo na \u0161tevilnih mednarodnih tekmovanjih, na primer v evropskem pokalu v spustu in v evropskem pokalu v BMX-u ter &hellip; <a href=\"https:\/\/www.kd-rajd.si\/en\/bikehanic-lumar\/\">Continued<\/a><\/p>\n","protected":false},"author":6,"featured_media":0,"parent":0,"menu_order":0,"comment_status":"closed","ping_status":"closed","template":"","meta":{"_acf_changed":false,"footnotes":""},"class_list":["post-20440","page","type-page","status-publish","hentry"],"acf":[],"_links":{"self":[{"href":"https:\/\/www.kd-rajd.si\/en\/wp-json\/wp\/v2\/pages\/20440\/"}],"collection":[{"href":"https:\/\/www.kd-rajd.si\/en\/wp-json\/wp\/v2\/pages\/"}],"about":[{"href":"https:\/\/www.kd-rajd.si\/en\/wp-json\/wp\/v2\/types\/page\/"}],"author":[{"embeddable":true,"href":"https:\/\/www.kd-rajd.si\/en\/wp-json\/wp\/v2\/users\/6\/"}],"replies":[{"embeddable":true,"href":"https:\/\/www.kd-rajd.si\/en\/wp-json\/wp\/v2\/comments\/?post=20440"}],"version-history":[{"count":1,"href":"https:\/\/www.kd-rajd.si\/en\/wp-json\/wp\/v2\/pages\/20440\/revisions\/"}],"predecessor-version":[{"id":20447,"href":"https:\/\/www.kd-rajd.si\/en\/wp-json\/wp\/v2\/pages\/20440\/revisions\/20447\/"}],"wp:attachment":[{"href":"https:\/\/www.kd-rajd.si\/en\/wp-json\/wp\/v2\/media\/?parent=20440"}],"curies":[{"name":"wp","href":"https:\/\/api.w.org\/{rel}","templated":true}]}}