{"id":20250,"date":"2025-03-15T20:15:11","date_gmt":"2025-03-15T19:15:11","guid":{"rendered":"https:\/\/www.kd-rajd.si\/?page_id=20250"},"modified":"2025-03-15T20:15:15","modified_gmt":"2025-03-15T19:15:15","slug":"argeta-junior-kolopark-pokal","status":"publish","type":"page","link":"https:\/\/www.kd-rajd.si\/en\/argeta-junior-kolopark-pokal\/","title":{"rendered":"Argeta Junior Kolopark pokal"},"content":{"rendered":"\n<p>KoloParki so zabavni, ve\u010d kot primerni za vse mlade kolesarje in odli\u010dni za u\u010denje tehnike vo\u017enje. V Kolesarskem dru\u0161tvu Rajd jih z veseljem koristimo za kolesarsko \u0161olo in druge aktivnosti, seveda pa nadaljujemo tudi z zabavno-temovalno serijo <strong>Argeta Junior KoloPark Pokal<\/strong>. Z njo pove\u017eemo <strong><a href=\"https:\/\/www.kd-rajd.si\/koloparki\/\" target=\"_blank\" rel=\"noreferrer noopener\">ljubljanske KoloPark<\/a><\/strong> ter predvsem nadebudne kolesarje. Pokal je v prvi vrsti namenjen otrokom in mladini, dobrodo\u0161li pa ste seveda tudi vsi starej\u0161i\/star\u0161i. Z nami bosta zopet ambasadorja projekta, vrhunska kolesarja <strong><a href=\"https:\/\/www.instagram.com\/jakaremec\/\" target=\"_blank\" rel=\"noreferrer noopener\">Jaka Remec<\/a><\/strong> in <strong><a href=\"https:\/\/www.instagram.com\/borisrezabek\" target=\"_blank\" rel=\"noreferrer noopener\">Boris Re\u017eabek<\/a><\/strong>; Jaka je del evropske elite v disciplini BMX freestyle, Boris je stalen gost tekmovanj v disciplini slopestyle. Oba sta najbolj znana po svojih trikih, oba pa sta tudi vodnjaka znanja na podro\u010dju kolesarjenja in bosta delila nasvete ter poskrbela za dobro vzdu\u0161je.<\/p>\n\n\n\n<figure class=\"wp-block-gallery has-nested-images columns-default is-cropped wp-block-gallery-1 is-layout-flex wp-block-gallery-is-layout-flex\">\n<figure class=\"wp-block-image size-large\"><img fetchpriority=\"high\" decoding=\"async\" width=\"833\" height=\"833\" data-id=\"18705\" src=\"https:\/\/www.kd-rajd.si\/wp-content\/uploads\/2024\/03\/Jaka-833x833.jpg\" alt=\"\" class=\"wp-image-18705\" srcset=\"https:\/\/www.kd-rajd.si\/wp-content\/uploads\/2024\/03\/Jaka-833x833.jpg 833w, https:\/\/www.kd-rajd.si\/wp-content\/uploads\/2024\/03\/Jaka-150x150.jpg 150w, https:\/\/www.kd-rajd.si\/wp-content\/uploads\/2024\/03\/Jaka-300x300.jpg 300w, https:\/\/www.kd-rajd.si\/wp-content\/uploads\/2024\/03\/Jaka-600x600.jpg 600w, https:\/\/www.kd-rajd.si\/wp-content\/uploads\/2024\/03\/Jaka-100x100.jpg 100w, https:\/\/www.kd-rajd.si\/wp-content\/uploads\/2024\/03\/Jaka.jpg 1080w\" sizes=\"(max-width: 833px) 100vw, 833px\" \/><\/figure>\n\n\n\n<figure class=\"wp-block-image size-large\"><img decoding=\"async\" width=\"833\" height=\"833\" data-id=\"18707\" data-src=\"https:\/\/www.kd-rajd.si\/wp-content\/uploads\/2024\/03\/Boris-833x833.jpg\" alt=\"\" class=\"wp-image-18707 lazyload\" data-srcset=\"https:\/\/www.kd-rajd.si\/wp-content\/uploads\/2024\/03\/Boris-833x833.jpg 833w, https:\/\/www.kd-rajd.si\/wp-content\/uploads\/2024\/03\/Boris-150x150.jpg 150w, https:\/\/www.kd-rajd.si\/wp-content\/uploads\/2024\/03\/Boris-300x300.jpg 300w, https:\/\/www.kd-rajd.si\/wp-content\/uploads\/2024\/03\/Boris-600x600.jpg 600w, https:\/\/www.kd-rajd.si\/wp-content\/uploads\/2024\/03\/Boris-100x100.jpg 100w, https:\/\/www.kd-rajd.si\/wp-content\/uploads\/2024\/03\/Boris.jpg 1080w\" data-sizes=\"(max-width: 833px) 100vw, 833px\" src=\"data:image\/svg+xml;base64,PHN2ZyB3aWR0aD0iMSIgaGVpZ2h0PSIxIiB4bWxucz0iaHR0cDovL3d3dy53My5vcmcvMjAwMC9zdmciPjwvc3ZnPg==\" style=\"--smush-placeholder-width: 833px; --smush-placeholder-aspect-ratio: 833\/833;\" \/><\/figure>\n<\/figure>\n\n\n\n<p>Pokal poteka na ljubljanskih KoloParkih, vedno z enakim konceptom. Vsak udele\u017eenec ima <strong>dve prilo\u017enosti odpeljati najhitrej\u0161i mo\u017een krog<\/strong>, v kon\u010dne rezultate se seveda zabele\u017ei bolj\u0161i \u010das. Ker je dogodek predvsem zabavnega zna\u010daja, so zmagovalci vsi prijavljeni in prav vsi prejmejo prakti\u010dne nagrade, na koncu vsake prireditve pa med vsemi prijavljenimi iz\u017erebamo \u0161e kak\u0161no ve\u010djo nagrado.<\/p>\n\n\n\n<p><strong>Najbolj mo\u010dno si \u017eelimo sodelovanja mladih kolesarjev<\/strong>, ki si \u017eelijo na zabaven in spro\u0161\u010den na\u010din spoznati s tekmovalnim okoljem, so pa na dogodku dobrodo\u0161le vse starostne skupine \u2013 s predznanjem ali brez!<\/p>\n\n\n\n<p>Datume dirk serije Areta Junior KoloPark Pokal bomo objavljali na spletni strani, na dru\u017eabnih omre\u017ejih in preko drugih kanalov. Spremljajte nas in ni\u010desar ne boste zamudili (na dnu spletne strani <strong><a href=\"http:\/\/www.kd-rajd.si\" target=\"_blank\" rel=\"noreferrer noopener\">www.kd-rajd.si<\/a><\/strong> se lahko tudi prijavite na elektronske novice).<\/p>\n\n\n\n<p>Prireditev poteka pod okriljem programa <strong><a href=\"https:\/\/www.ljubljana.si\/sl\/moja-ljubljana\/sport-v-ljubljani\/ljubljana-je-sport\/\" target=\"_blank\" rel=\"noreferrer noopener\">Ljubljana je \u0161port<\/a><\/strong> Mestne ob\u010dine Ljubljana, partnerji projekta pa so \u0161e <a href=\"https:\/\/www.argeta.com\/sl\" target=\"_blank\" rel=\"noreferrer noopener\"><strong>Argeta Junior<\/strong><\/a> kot krovni sponzor, <a href=\"https:\/\/www.triglav.si\" target=\"_blank\" rel=\"noreferrer noopener\"><strong>Zavarovalnica Triglav<\/strong><\/a>, <strong><a href=\"https:\/\/www.instagram.com\/gshock_si\" target=\"_blank\" rel=\"noreferrer noopener\">G-SHOCK<\/a><\/strong>, <a href=\"https:\/\/www.borashop.eu\" target=\"_blank\" rel=\"noreferrer noopener\"><strong>Bora<\/strong><\/a>, POC, <strong><a href=\"https:\/\/www.furamzase.si\" target=\"_blank\" rel=\"noreferrer noopener\">FuramZase<\/a><\/strong> in seveda Kolesarsko dru\u0161tvo Rajd.<\/p>\n\n\n\n<p>Argeta Junior KoloPark pokal kot <strong><a href=\"https:\/\/www.facebook.com\/events\/3494190737553702\/3494190740887035\/\" target=\"_blank\" rel=\"noreferrer noopener\">DOGODEK<\/a><\/strong> na Facebooku (za celotno serijo).<\/p>\n\n\n\n<p><strong>ARGETA JUNIOR KOLOPARK POKAL V SEZONI 2025:<\/strong><br>20. marec &#8211; <strong>Be\u017eigrad<\/strong><br>4. april &#8211; <strong>Aleja<\/strong><br>17. april &#8211; <strong>Vi\u010d<\/strong><br>8. maj &#8211; <strong>Polje<\/strong><br>5. ali 12. junij &#8211; <strong>Nove Fu\u017eine<\/strong> (termin bo potrjen naknadno)<br>11. september &#8211; <strong>\u0160tepanjsko naselje<\/strong><br>4. oktober &#8211; <strong>Podutik<\/strong><br>(Termini se bodo prilagodili v primeru slabega vremena.)<\/p>\n","protected":false},"excerpt":{"rendered":"<p>KoloParki so zabavni, ve\u010d kot primerni za vse mlade kolesarje in odli\u010dni za u\u010denje tehnike vo\u017enje. V Kolesarskem dru\u0161tvu Rajd jih z veseljem koristimo za kolesarsko \u0161olo in druge aktivnosti, seveda pa nadaljujemo tudi z zabavno-temovalno serijo Argeta Junior KoloPark &hellip; <a href=\"https:\/\/www.kd-rajd.si\/en\/argeta-junior-kolopark-pokal\/\">Continued<\/a><\/p>\n","protected":false},"author":6,"featured_media":21629,"parent":0,"menu_order":0,"comment_status":"closed","ping_status":"closed","template":"","meta":{"_acf_changed":false,"footnotes":""},"class_list":["post-20250","page","type-page","status-publish","has-post-thumbnail","hentry"],"acf":[],"_links":{"self":[{"href":"https:\/\/www.kd-rajd.si\/en\/wp-json\/wp\/v2\/pages\/20250\/"}],"collection":[{"href":"https:\/\/www.kd-rajd.si\/en\/wp-json\/wp\/v2\/pages\/"}],"about":[{"href":"https:\/\/www.kd-rajd.si\/en\/wp-json\/wp\/v2\/types\/page\/"}],"author":[{"embeddable":true,"href":"https:\/\/www.kd-rajd.si\/en\/wp-json\/wp\/v2\/users\/6\/"}],"replies":[{"embeddable":true,"href":"https:\/\/www.kd-rajd.si\/en\/wp-json\/wp\/v2\/comments\/?post=20250"}],"version-history":[{"count":0,"href":"https:\/\/www.kd-rajd.si\/en\/wp-json\/wp\/v2\/pages\/20250\/revisions\/"}],"wp:featuredmedia":[{"embeddable":true,"href":"https:\/\/www.kd-rajd.si\/en\/wp-json\/wp\/v2\/media\/21629\/"}],"wp:attachment":[{"href":"https:\/\/www.kd-rajd.si\/en\/wp-json\/wp\/v2\/media\/?parent=20250"}],"curies":[{"name":"wp","href":"https:\/\/api.w.org\/{rel}","templated":true}]}}